{"id":532,"date":"2023-10-26T16:29:05","date_gmt":"2023-10-26T14:29:05","guid":{"rendered":"https:\/\/vimethic.fr\/?page_id=532"},"modified":"2023-11-15T16:08:22","modified_gmt":"2023-11-15T15:08:22","slug":"un-process-vertueux","status":"publish","type":"page","link":"https:\/\/vimethic.fr\/index.php\/un-process-vertueux\/","title":{"rendered":"Un process vertueux"},"content":{"rendered":"\n<div style=\"height:40px\" aria-hidden=\"true\" class=\"wp-block-spacer\"><\/div>\n\n\n<p class=\"fonts-plugin-block \" style=\"font-family: arial;font-size: 30px;color: #ff417f\"><strong>Valorisation du carton<\/strong><\/p>\n\n<p class=\"fonts-plugin-block \" style=\"font-family: arial;font-size: 17px;color: #000000\">L\u2019activit\u00e9 historique de Triethic est la collecte et le recyclage des d\u00e9chets de bureau, dont le carton. \u00c0 leurs retours dans notre entrep\u00f4t, les caisses en carton sont broy\u00e9es et conditionn\u00e9es en vue d\u2019une valorisation.<br><br><strong>Nous profitons ainsi de notre expertise pour recycler le contenant des v\u00eatements professionnels et garantir un processus vertueux du d\u00e9but \u00e0 la fin.<\/strong><\/p>\n\n<p class=\"fonts-plugin-block \" style=\"font-family: arial;font-size: 30px;color: #ff417f\"><strong>Optimisation des livraisons<\/strong><\/p>\n\n<p class=\"fonts-plugin-block \" style=\"font-family: arial;font-size: 17px;color: #000000\">Nous garantissons une livraison des caisses de casque sur toute la France. Nous avons conscience de l\u2019impact environnemental important que peut avoir le transport de colis.<br><br><strong>Nous avons ainsi un contrat avec notre partenaire logistique pour inclure nos livraisons dans leurs flux afin d\u2019optimiser au maximum le transport et limiter notre impact.<\/strong><\/p>","protected":false},"excerpt":{"rendered":"","protected":false},"author":1,"featured_media":0,"parent":0,"menu_order":0,"comment_status":"closed","ping_status":"closed","template":"","meta":{"footnotes":""},"class_list":["post-532","page","type-page","status-publish","hentry"],"yoast_head":"<!-- This site is optimized with the Yoast SEO plugin v25.6 - https:\/\/yoast.com\/wordpress\/plugins\/seo\/ -->\n<title>Un process vertueux - Vimethic<\/title>\n<meta name=\"description\" content=\"Nous profitons de notre expertise pour recycler le contenant des casques et garantir un processus vertueux du d\u00e9but \u00e0 la fin.\" \/>\n<meta name=\"robots\" content=\"index, follow, max-snippet:-1, max-image-preview:large, max-video-preview:-1\" \/>\n<link rel=\"canonical\" href=\"https:\/\/vimethic.fr\/index.php\/un-process-vertueux\/\" \/>\n<meta property=\"og:locale\" content=\"fr_FR\" \/>\n<meta property=\"og:type\" content=\"article\" \/>\n<meta property=\"og:title\" content=\"Un process vertueux - Vimethic\" \/>\n<meta property=\"og:description\" content=\"Nous profitons de notre expertise pour recycler le contenant des casques et garantir un processus vertueux du d\u00e9but \u00e0 la fin.\" \/>\n<meta property=\"og:url\" content=\"https:\/\/vimethic.fr\/index.php\/un-process-vertueux\/\" \/>\n<meta property=\"og:site_name\" content=\"Vimethic\" \/>\n<meta property=\"article:modified_time\" content=\"2023-11-15T15:08:22+00:00\" \/>\n<meta name=\"twitter:card\" content=\"summary_large_image\" \/>\n<script type=\"application\/ld+json\" class=\"yoast-schema-graph\">{\"@context\":\"https:\/\/schema.org\",\"@graph\":[{\"@type\":\"WebPage\",\"@id\":\"https:\/\/vimethic.fr\/index.php\/un-process-vertueux\/\",\"url\":\"https:\/\/vimethic.fr\/index.php\/un-process-vertueux\/\",\"name\":\"Un process vertueux - Vimethic\",\"isPartOf\":{\"@id\":\"https:\/\/vimethic.fr\/#website\"},\"datePublished\":\"2023-10-26T14:29:05+00:00\",\"dateModified\":\"2023-11-15T15:08:22+00:00\",\"description\":\"Nous profitons de notre expertise pour recycler le contenant des casques et garantir un processus vertueux du d\u00e9but \u00e0 la fin.\",\"breadcrumb\":{\"@id\":\"https:\/\/vimethic.fr\/index.php\/un-process-vertueux\/#breadcrumb\"},\"inLanguage\":\"fr-FR\",\"potentialAction\":[{\"@type\":\"ReadAction\",\"target\":[\"https:\/\/vimethic.fr\/index.php\/un-process-vertueux\/\"]}]},{\"@type\":\"BreadcrumbList\",\"@id\":\"https:\/\/vimethic.fr\/index.php\/un-process-vertueux\/#breadcrumb\",\"itemListElement\":[{\"@type\":\"ListItem\",\"position\":1,\"name\":\"Accueil\",\"item\":\"https:\/\/vimethic.fr\/\"},{\"@type\":\"ListItem\",\"position\":2,\"name\":\"Un process vertueux\"}]},{\"@type\":\"WebSite\",\"@id\":\"https:\/\/vimethic.fr\/#website\",\"url\":\"https:\/\/vimethic.fr\/\",\"name\":\"Vimethic\",\"description\":\"Recyclage des v\u00eatements professionnels\",\"publisher\":{\"@id\":\"https:\/\/vimethic.fr\/#organization\"},\"potentialAction\":[{\"@type\":\"SearchAction\",\"target\":{\"@type\":\"EntryPoint\",\"urlTemplate\":\"https:\/\/vimethic.fr\/?s={search_term_string}\"},\"query-input\":{\"@type\":\"PropertyValueSpecification\",\"valueRequired\":true,\"valueName\":\"search_term_string\"}}],\"inLanguage\":\"fr-FR\"},{\"@type\":\"Organization\",\"@id\":\"https:\/\/vimethic.fr\/#organization\",\"name\":\"Vimethic\",\"url\":\"https:\/\/vimethic.fr\/\",\"logo\":{\"@type\":\"ImageObject\",\"inLanguage\":\"fr-FR\",\"@id\":\"https:\/\/vimethic.fr\/#\/schema\/logo\/image\/\",\"url\":\"https:\/\/vimethic.fr\/wp-content\/uploads\/2020\/09\/cropped-ID-vimethic-logo-removebg-preview.png\",\"contentUrl\":\"https:\/\/vimethic.fr\/wp-content\/uploads\/2020\/09\/cropped-ID-vimethic-logo-removebg-preview.png\",\"width\":262,\"height\":107,\"caption\":\"Vimethic\"},\"image\":{\"@id\":\"https:\/\/vimethic.fr\/#\/schema\/logo\/image\/\"}}]}<\/script>\n<!-- \/ Yoast SEO plugin. -->","yoast_head_json":{"title":"Un process vertueux - Vimethic","description":"Nous profitons de notre expertise pour recycler le contenant des casques et garantir un processus vertueux du d\u00e9but \u00e0 la fin.","robots":{"index":"index","follow":"follow","max-snippet":"max-snippet:-1","max-image-preview":"max-image-preview:large","max-video-preview":"max-video-preview:-1"},"canonical":"https:\/\/vimethic.fr\/index.php\/un-process-vertueux\/","og_locale":"fr_FR","og_type":"article","og_title":"Un process vertueux - Vimethic","og_description":"Nous profitons de notre expertise pour recycler le contenant des casques et garantir un processus vertueux du d\u00e9but \u00e0 la fin.","og_url":"https:\/\/vimethic.fr\/index.php\/un-process-vertueux\/","og_site_name":"Vimethic","article_modified_time":"2023-11-15T15:08:22+00:00","twitter_card":"summary_large_image","schema":{"@context":"https:\/\/schema.org","@graph":[{"@type":"WebPage","@id":"https:\/\/vimethic.fr\/index.php\/un-process-vertueux\/","url":"https:\/\/vimethic.fr\/index.php\/un-process-vertueux\/","name":"Un process vertueux - Vimethic","isPartOf":{"@id":"https:\/\/vimethic.fr\/#website"},"datePublished":"2023-10-26T14:29:05+00:00","dateModified":"2023-11-15T15:08:22+00:00","description":"Nous profitons de notre expertise pour recycler le contenant des casques et garantir un processus vertueux du d\u00e9but \u00e0 la fin.","breadcrumb":{"@id":"https:\/\/vimethic.fr\/index.php\/un-process-vertueux\/#breadcrumb"},"inLanguage":"fr-FR","potentialAction":[{"@type":"ReadAction","target":["https:\/\/vimethic.fr\/index.php\/un-process-vertueux\/"]}]},{"@type":"BreadcrumbList","@id":"https:\/\/vimethic.fr\/index.php\/un-process-vertueux\/#breadcrumb","itemListElement":[{"@type":"ListItem","position":1,"name":"Accueil","item":"https:\/\/vimethic.fr\/"},{"@type":"ListItem","position":2,"name":"Un process vertueux"}]},{"@type":"WebSite","@id":"https:\/\/vimethic.fr\/#website","url":"https:\/\/vimethic.fr\/","name":"Vimethic","description":"Recyclage des v\u00eatements professionnels","publisher":{"@id":"https:\/\/vimethic.fr\/#organization"},"potentialAction":[{"@type":"SearchAction","target":{"@type":"EntryPoint","urlTemplate":"https:\/\/vimethic.fr\/?s={search_term_string}"},"query-input":{"@type":"PropertyValueSpecification","valueRequired":true,"valueName":"search_term_string"}}],"inLanguage":"fr-FR"},{"@type":"Organization","@id":"https:\/\/vimethic.fr\/#organization","name":"Vimethic","url":"https:\/\/vimethic.fr\/","logo":{"@type":"ImageObject","inLanguage":"fr-FR","@id":"https:\/\/vimethic.fr\/#\/schema\/logo\/image\/","url":"https:\/\/vimethic.fr\/wp-content\/uploads\/2020\/09\/cropped-ID-vimethic-logo-removebg-preview.png","contentUrl":"https:\/\/vimethic.fr\/wp-content\/uploads\/2020\/09\/cropped-ID-vimethic-logo-removebg-preview.png","width":262,"height":107,"caption":"Vimethic"},"image":{"@id":"https:\/\/vimethic.fr\/#\/schema\/logo\/image\/"}}]}},"_links":{"self":[{"href":"https:\/\/vimethic.fr\/index.php\/wp-json\/wp\/v2\/pages\/532"}],"collection":[{"href":"https:\/\/vimethic.fr\/index.php\/wp-json\/wp\/v2\/pages"}],"about":[{"href":"https:\/\/vimethic.fr\/index.php\/wp-json\/wp\/v2\/types\/page"}],"author":[{"embeddable":true,"href":"https:\/\/vimethic.fr\/index.php\/wp-json\/wp\/v2\/users\/1"}],"replies":[{"embeddable":true,"href":"https:\/\/vimethic.fr\/index.php\/wp-json\/wp\/v2\/comments?post=532"}],"version-history":[{"count":7,"href":"https:\/\/vimethic.fr\/index.php\/wp-json\/wp\/v2\/pages\/532\/revisions"}],"predecessor-version":[{"id":719,"href":"https:\/\/vimethic.fr\/index.php\/wp-json\/wp\/v2\/pages\/532\/revisions\/719"}],"wp:attachment":[{"href":"https:\/\/vimethic.fr\/index.php\/wp-json\/wp\/v2\/media?parent=532"}],"curies":[{"name":"wp","href":"https:\/\/api.w.org\/{rel}","templated":true}]}}